{"id":101,"date":"2019-08-23T14:22:52","date_gmt":"2019-08-23T12:22:52","guid":{"rendered":"https:\/\/www.b-sos.de\/www\/?page_id=101"},"modified":"2019-08-23T14:23:07","modified_gmt":"2019-08-23T12:23:07","slug":"investitionsberatung-it","status":"publish","type":"page","link":"https:\/\/www.b-sos.de\/www\/it-service\/investitionsberatung-it\/","title":{"rendered":"Investitionsberatung (IT)"},"content":{"rendered":"\n<blockquote class=\"wp-block-quote is-layout-flow wp-block-quote-is-layout-flow\"><p>&#8222;BladeCenter, SAN, NAS, Storage, Terminal Server, ARM-Prozessoren, Virtualisierung, Domaincontroller, Thin-Client&#8230;&#8220;<\/p><\/blockquote>\n\n\n\n<p>All das sind Begriffe, die in der IT-Landschaft einfach mal so im Beratungsgespr\u00e4ch mit einem Systemdienstleister fallen. Meist erkl\u00e4rt Ihnen die nette Person gegen\u00fcber auch ungefragt was was ist. Doch wenn Sie sp\u00e4ter die L\u00f6sungen vergleichen wollen, k\u00f6nnen Sie wom\u00f6glich nicht die Vor- und Nachteile spezifizieren. Wir helfen Ihnen als Ihre externe IT-Abteilung die Angebote zu bewerten. Wir erl\u00e4utern Ihnen die erforderlichen Anpassungen, die eine L\u00f6sung nach sich zieht.<\/p>\n\n\n\n<p>Gerne f\u00fchren wir f\u00fcr Sie die Konsultationen mit den verschiedenen Dienstleistern und pr\u00e4sentieren Ihnen die besten L\u00f6sungen.<\/p>\n","protected":false},"excerpt":{"rendered":"<p>&#8222;BladeCenter, SAN, NAS, Storage, Terminal Server, ARM-Prozessoren, Virtualisierung, Domaincontroller, Thin-Client&#8230;&#8220; All das sind Begriffe, die in der IT-Landschaft einfach mal so im Beratungsgespr\u00e4ch mit einem Systemdienstleister fallen. Meist erkl\u00e4rt Ihnen &#8230;<\/p>\n","protected":false},"author":1,"featured_media":0,"parent":13,"menu_order":4,"comment_status":"closed","ping_status":"closed","template":"","meta":{"footnotes":""},"class_list":["post-101","page","type-page","status-publish","hentry"],"_links":{"self":[{"href":"https:\/\/www.b-sos.de\/www\/wp-json\/wp\/v2\/pages\/101","targetHints":{"allow":["GET"]}}],"collection":[{"href":"https:\/\/www.b-sos.de\/www\/wp-json\/wp\/v2\/pages"}],"about":[{"href":"https:\/\/www.b-sos.de\/www\/wp-json\/wp\/v2\/types\/page"}],"author":[{"embeddable":true,"href":"https:\/\/www.b-sos.de\/www\/wp-json\/wp\/v2\/users\/1"}],"replies":[{"embeddable":true,"href":"https:\/\/www.b-sos.de\/www\/wp-json\/wp\/v2\/comments?post=101"}],"version-history":[{"count":1,"href":"https:\/\/www.b-sos.de\/www\/wp-json\/wp\/v2\/pages\/101\/revisions"}],"predecessor-version":[{"id":102,"href":"https:\/\/www.b-sos.de\/www\/wp-json\/wp\/v2\/pages\/101\/revisions\/102"}],"up":[{"embeddable":true,"href":"https:\/\/www.b-sos.de\/www\/wp-json\/wp\/v2\/pages\/13"}],"wp:attachment":[{"href":"https:\/\/www.b-sos.de\/www\/wp-json\/wp\/v2\/media?parent=101"}],"curies":[{"name":"wp","href":"https:\/\/api.w.org\/{rel}","templated":true}]}}