{"id":125,"date":"2019-08-23T15:24:19","date_gmt":"2019-08-23T13:24:19","guid":{"rendered":"https:\/\/www.b-sos.de\/www\/?page_id=125"},"modified":"2024-03-28T14:19:32","modified_gmt":"2024-03-28T13:19:32","slug":"sofort-hilfe","status":"publish","type":"page","link":"https:\/\/www.b-sos.de\/www\/it-service\/sofort-hilfe\/","title":{"rendered":"Sofort-Hilfe"},"content":{"rendered":"\n<h1 class=\"wp-block-heading\" id=\"u1412-2\">IT-Service per Fernwartung<\/h1>\n\n\n\n<p>Wir bieten Ihnen IT-Service auch per Fernwartung an. Rufen Sie uns einfach an unter: <a href=\"tel:00493814920990\">+49 (381) 4920990<\/a> oder buchen Sie online <a href=\"https:\/\/outlook.office.com\/bookwithme\/user\/1967cb01e6c6437494acc76490825d43@businesssos.de?anonymous&amp;ep=plink\">einen Termin<\/a>. <\/p>\n\n\n\n<p>F\u00fcr die Herstellung der Verbindung ist Drittanbietersoftware erforderlich. Hinweise dazu finden Sie in unserer&nbsp;<a href=\"https:\/\/www.b-sos.de\/www\/datenschutzerklaerung\/\">Datenschutzerkl\u00e4rung<\/a>.<\/p>\n\n\n\n<div class=\"wp-block-buttons bsos-calltoaction is-layout-flex wp-block-buttons-is-layout-flex\">\n<div class=\"wp-block-button\"><a class=\"wp-block-button__link has-background wp-element-button\" href=\"https:\/\/lb3.pcvisit.de\/v1\/hosted\/jumplink?productid=18&amp;func=download&amp;productrole=guestSetup&amp;host=lb3.pcvisit.de&amp;companyid=1673335723&amp;gateway=lb3.pcvisit.de\" style=\"background:linear-gradient(180deg,rgb(115,187,0) 0%,rgb(35,135,0) 100%)\">\u200bIch bin mit der Verarbeitung meiner Daten einverstanden und ich habe das Widerrufsrecht bzgl. der Einwilligung in die Datenverarbeitung zur Kenntnis genommen.<\/a><\/div>\n<\/div>\n\n\n\n<div style=\"height:40px\" aria-hidden=\"true\" class=\"wp-block-spacer\"><\/div>\n\n\n\n<p><em>Bitte beachten Sie, dass via PC-Visit gemeldete Supportf\u00e4lle keine Benachrichtigung bei uns ausl\u00f6sen (k\u00f6nnen). Bitte kontaktieren Sie uns daher stets zus\u00e4tzlich auf einem anderen We<\/em>g.<\/p>\n\n\n\n<div style=\"height:20px\" aria-hidden=\"true\" class=\"wp-block-spacer\"><\/div>\n\n\n\n<p>Themen die sich f\u00fcr eine Fernwartung eignen:<\/p>\n\n\n\n<ul class=\"wp-block-list\">\n<li>Fehleranalyse \/ Logpr\u00fcfung<\/li>\n\n\n\n<li>Verst\u00e4ndnis- &amp; Bedienungsfragen sowie Probleme mit Betriebssystem \/ Office-Programmen \/ sonstiger Anwendungssoftware<\/li>\n\n\n\n<li>Viele Treiberprobleme &#8211; z.B. bei Druckern, Scannern, Kartenlesern<\/li>\n\n\n\n<li>Ganz viele Administationsthemen wie z.B. Benutzer anlegen \/ sperren \/ l\u00f6schen &#8211; Datenzugriffe \/ Fernzugriffe<\/li>\n<\/ul>\n\n\n\n<p>Wir sehen durch die Fernwartung nicht, was Sie vor sich haben &#8211; oft kann ein Foto von Ihrem Problem, dass Sie uns per E-Mail senden, kl\u00e4ren ob sich eine Fernwartung zur Behebung eignet.<\/p>\n","protected":false},"excerpt":{"rendered":"<p>IT-Service per Fernwartung Wir bieten Ihnen IT-Service auch per Fernwartung an. Rufen Sie uns einfach an unter: +49 (381) 4920990 oder buchen Sie online einen Termin. F\u00fcr die Herstellung der &#8230;<\/p>\n","protected":false},"author":1,"featured_media":0,"parent":13,"menu_order":2,"comment_status":"closed","ping_status":"closed","template":"","meta":{"footnotes":""},"class_list":["post-125","page","type-page","status-publish","hentry"],"_links":{"self":[{"href":"https:\/\/www.b-sos.de\/www\/wp-json\/wp\/v2\/pages\/125","targetHints":{"allow":["GET"]}}],"collection":[{"href":"https:\/\/www.b-sos.de\/www\/wp-json\/wp\/v2\/pages"}],"about":[{"href":"https:\/\/www.b-sos.de\/www\/wp-json\/wp\/v2\/types\/page"}],"author":[{"embeddable":true,"href":"https:\/\/www.b-sos.de\/www\/wp-json\/wp\/v2\/users\/1"}],"replies":[{"embeddable":true,"href":"https:\/\/www.b-sos.de\/www\/wp-json\/wp\/v2\/comments?post=125"}],"version-history":[{"count":5,"href":"https:\/\/www.b-sos.de\/www\/wp-json\/wp\/v2\/pages\/125\/revisions"}],"predecessor-version":[{"id":364,"href":"https:\/\/www.b-sos.de\/www\/wp-json\/wp\/v2\/pages\/125\/revisions\/364"}],"up":[{"embeddable":true,"href":"https:\/\/www.b-sos.de\/www\/wp-json\/wp\/v2\/pages\/13"}],"wp:attachment":[{"href":"https:\/\/www.b-sos.de\/www\/wp-json\/wp\/v2\/media?parent=125"}],"curies":[{"name":"wp","href":"https:\/\/api.w.org\/{rel}","templated":true}]}}