{"id":15,"date":"2019-08-15T19:40:52","date_gmt":"2019-08-15T17:40:52","guid":{"rendered":"https:\/\/www.b-sos.de\/www\/?page_id=15"},"modified":"2019-08-23T14:21:08","modified_gmt":"2019-08-23T12:21:08","slug":"administration","status":"publish","type":"page","link":"https:\/\/www.b-sos.de\/www\/it-service\/administration\/","title":{"rendered":"Systemadministration"},"content":{"rendered":"\n<p>F\u00fcr unsere Kunden \u00fcbernehmen wir im Rahmen eines Wartungsvertrages die Funktionen des Systemadministrators.<\/p>\n\n\n\n<p>Dazu geh\u00f6ren:<\/p>\n\n\n\n<ul class=\"wp-block-list\"><li>Server-Updates und Neustarts<\/li><li>Sicherstellen der Datensicherheit und Datenintegrit\u00e4t der Produktionsdaten<\/li><li>Einstellen der Berechtigungen der einzelnen Mitarbeiter; Pflege der Accounts f\u00fcr Anmeldung und sonstige Dienste<\/li><li>Integration und Wartung der Netzwerkger\u00e4te (Drucker, Access-Points, Router, etc.)<\/li><li>Probleml\u00f6sungen und Workarounds<\/li><li>Permanente Dokumentation von \u00c4nderungen<\/li><\/ul>\n\n\n\n<p>Alle Eingriffe f\u00fchren wir per Fernwartung oder Vor-Ort aus.<\/p>\n","protected":false},"excerpt":{"rendered":"<p>F\u00fcr unsere Kunden \u00fcbernehmen wir im Rahmen eines Wartungsvertrages die Funktionen des Systemadministrators. Dazu geh\u00f6ren: Server-Updates und Neustarts Sicherstellen der Datensicherheit und Datenintegrit\u00e4t der Produktionsdaten Einstellen der Berechtigungen der einzelnen &#8230;<\/p>\n","protected":false},"author":1,"featured_media":0,"parent":13,"menu_order":0,"comment_status":"closed","ping_status":"closed","template":"","meta":{"footnotes":""},"class_list":["post-15","page","type-page","status-publish","hentry"],"_links":{"self":[{"href":"https:\/\/www.b-sos.de\/www\/wp-json\/wp\/v2\/pages\/15","targetHints":{"allow":["GET"]}}],"collection":[{"href":"https:\/\/www.b-sos.de\/www\/wp-json\/wp\/v2\/pages"}],"about":[{"href":"https:\/\/www.b-sos.de\/www\/wp-json\/wp\/v2\/types\/page"}],"author":[{"embeddable":true,"href":"https:\/\/www.b-sos.de\/www\/wp-json\/wp\/v2\/users\/1"}],"replies":[{"embeddable":true,"href":"https:\/\/www.b-sos.de\/www\/wp-json\/wp\/v2\/comments?post=15"}],"version-history":[{"count":2,"href":"https:\/\/www.b-sos.de\/www\/wp-json\/wp\/v2\/pages\/15\/revisions"}],"predecessor-version":[{"id":98,"href":"https:\/\/www.b-sos.de\/www\/wp-json\/wp\/v2\/pages\/15\/revisions\/98"}],"up":[{"embeddable":true,"href":"https:\/\/www.b-sos.de\/www\/wp-json\/wp\/v2\/pages\/13"}],"wp:attachment":[{"href":"https:\/\/www.b-sos.de\/www\/wp-json\/wp\/v2\/media?parent=15"}],"curies":[{"name":"wp","href":"https:\/\/api.w.org\/{rel}","templated":true}]}}