{"id":19,"date":"2019-08-15T19:42:00","date_gmt":"2019-08-15T17:42:00","guid":{"rendered":"https:\/\/www.b-sos.de\/www\/?page_id=19"},"modified":"2023-06-19T11:37:06","modified_gmt":"2023-06-19T09:37:06","slug":"wartung","status":"publish","type":"page","link":"https:\/\/www.b-sos.de\/www\/it-service\/wartung\/","title":{"rendered":"Wartung"},"content":{"rendered":"\n<p>Unsere Fachkr\u00e4fte \u00fcbernehmen Software-Wartungsaufgaben f\u00fcr Ihre Infrastruktur. <\/p>\n\n\n\n<p>Wir unterst\u00fctzen Sie bei allem was mit einem Datenkabel (fern-)bedienbar ist.<\/p>\n\n\n\n<ul class=\"wp-block-list\">\n<li>Hypervisor-Wartung<\/li>\n\n\n\n<li>Server-\/VM-Wartung f\u00fcr Windows \/ Linux<\/li>\n\n\n\n<li>Thinclient-\/Clientwartung<\/li>\n\n\n\n<li>Router, Switches, NAS-Boxen, IP-Telefone, Software-Telefonanlagen<\/li>\n\n\n\n<li>Peripherie wie Drucker, Scanner, Chipkartenleser<\/li>\n\n\n\n<li>Smart- (Home)-Ger\u00e4ten<\/li>\n\n\n\n<li>Alarmanlagen<\/li>\n\n\n\n<li>Sicherheitssoftware<\/li>\n\n\n\n<li>Archivierungsl\u00f6sungen<\/li>\n\n\n\n<li>Cloud-\/ VMaSS- \/ SaSS-Umgebungen<\/li>\n<\/ul>\n\n\n\n<p>Hilfsweise koordinieren und \u00fcberwachen wir nat\u00fcrlich auch die Wartungsaufgaben, die Dritte Ihnen schulden.<\/p>\n","protected":false},"excerpt":{"rendered":"<p>Unsere Fachkr\u00e4fte \u00fcbernehmen Software-Wartungsaufgaben f\u00fcr Ihre Infrastruktur. Wir unterst\u00fctzen Sie bei allem was mit einem Datenkabel (fern-)bedienbar ist. Hilfsweise koordinieren und \u00fcberwachen wir nat\u00fcrlich auch die Wartungsaufgaben, die Dritte Ihnen &#8230;<\/p>\n","protected":false},"author":1,"featured_media":0,"parent":13,"menu_order":0,"comment_status":"closed","ping_status":"closed","template":"","meta":{"footnotes":""},"class_list":["post-19","page","type-page","status-publish","hentry"],"_links":{"self":[{"href":"https:\/\/www.b-sos.de\/www\/wp-json\/wp\/v2\/pages\/19","targetHints":{"allow":["GET"]}}],"collection":[{"href":"https:\/\/www.b-sos.de\/www\/wp-json\/wp\/v2\/pages"}],"about":[{"href":"https:\/\/www.b-sos.de\/www\/wp-json\/wp\/v2\/types\/page"}],"author":[{"embeddable":true,"href":"https:\/\/www.b-sos.de\/www\/wp-json\/wp\/v2\/users\/1"}],"replies":[{"embeddable":true,"href":"https:\/\/www.b-sos.de\/www\/wp-json\/wp\/v2\/comments?post=19"}],"version-history":[{"count":5,"href":"https:\/\/www.b-sos.de\/www\/wp-json\/wp\/v2\/pages\/19\/revisions"}],"predecessor-version":[{"id":310,"href":"https:\/\/www.b-sos.de\/www\/wp-json\/wp\/v2\/pages\/19\/revisions\/310"}],"up":[{"embeddable":true,"href":"https:\/\/www.b-sos.de\/www\/wp-json\/wp\/v2\/pages\/13"}],"wp:attachment":[{"href":"https:\/\/www.b-sos.de\/www\/wp-json\/wp\/v2\/media?parent=19"}],"curies":[{"name":"wp","href":"https:\/\/api.w.org\/{rel}","templated":true}]}}