{"id":26,"date":"2019-08-15T19:54:24","date_gmt":"2019-08-15T17:54:24","guid":{"rendered":"https:\/\/www.b-sos.de\/www\/?page_id=26"},"modified":"2019-08-23T15:14:18","modified_gmt":"2019-08-23T13:14:18","slug":"buero-service","status":"publish","type":"page","link":"https:\/\/www.b-sos.de\/www\/buero-service\/","title":{"rendered":"B\u00fcro-Organisation"},"content":{"rendered":"\n<p>Immer mehr Unternehmen erkennen, dass Outsourcing eine g\u00fcnstige Alternative zu zus\u00e4tzlichem Personal darstellt. Wir von BusinessSOS \u00fcbernehmen einen Teil Ihrer Aufgaben, damit Sie \u201eeinen freien Kopf\u201c f\u00fcr die Verwirklichung Ihrer eigentlichen Unternehmensziele haben. Ihre Daten sind bei uns sicher, maximale Diskretion ist f\u00fcr uns selbstverst\u00e4ndlich. Die Abrechnung erfolgt je nach Vereinbarung nach Aufwand (minutengenau) oder \u00fcber eine Fall- bzw. Monatspauschale.<\/p>\n\n\n\n<h2 class=\"wp-block-heading\" id=\"u1745-6\">Externes B\u00fcro \/ Sekretariat f\u00fcr Vereine und Selbstst\u00e4ndige<\/h2>\n\n\n\n<p>Zu unseren Angeboten z\u00e4hlen neben Ihrer Mitglieder- und Kundenverwaltung, auch das Erstellen von Beitrags- und Ausgangsrechnungen, Angeboten sowie die Buchhaltung und das Mahnwesen.<\/p>\n\n\n\n<p>Je nach Vereinbarung f\u00fchren wir gerne auch Beschaffungen durch und \u00fcberwachen diese.<\/p>\n\n\n\n<h2 class=\"wp-block-heading\" id=\"u1745-12\">Personal<\/h2>\n\n\n\n<p>Wir unterst\u00fctzen Sie bei der Personalbeschaffung.<\/p>\n\n\n\n<p>Je nach Auftrag erarbeiten wir Stellenprofile, gestalten Anzeigen und ver\u00f6ffentlichen diese in relevanten Medien. Auf Wunsch \u00fcbernehmen wir auch das komplette Handling der Bewerbungen von der Eingangsbest\u00e4tigung, der Vorauswahl, bis hin zur Terminvereinbarung und Teilnahme an den Vorstellungsgespr\u00e4chen. Bei Bedarf lassen wir individuelle Arbeitsvertr\u00e4ge durch einen Fachanwalt erstellen oder \u00fcberpr\u00fcfen.<\/p>\n\n\n\n<p>Sie m\u00f6chten nicht selbst in Erscheinung treten? Wir organisieren Ihre Personalbeschaffung anonymisiert. Sie entscheiden, wann welcher Interessent \u00fcber Ihr Unternehmen Auskunft erh\u00e4lt. Ihre Bewerber finden in uns einen seri\u00f6sen Ansprechpartner und eine Anschrift f\u00fcr Ihre Bewerbungsunterlagen.<\/p>\n\n\n\n<h2 class=\"wp-block-heading\" id=\"u1745-20\">Marketing<\/h2>\n\n\n\n<p>Wir unterst\u00fctzen Sie bei der Auswahl von lokalen Werbemedien fordern Angebote\/Mediadaten an, erstellen Corporate Indentity (Logo, Briefbogen, Visitenkarten, Homepage, Formulare, Vorlagen, Rollups) und bei Bedarf managen wir auch die komplette Produktion f\u00fcr Sie.<\/p>\n","protected":false},"excerpt":{"rendered":"<p>Mehr erfahren.<\/p>\n","protected":false},"author":1,"featured_media":0,"parent":0,"menu_order":2,"comment_status":"closed","ping_status":"closed","template":"","meta":{"footnotes":""},"class_list":["post-26","page","type-page","status-publish","hentry"],"_links":{"self":[{"href":"https:\/\/www.b-sos.de\/www\/wp-json\/wp\/v2\/pages\/26","targetHints":{"allow":["GET"]}}],"collection":[{"href":"https:\/\/www.b-sos.de\/www\/wp-json\/wp\/v2\/pages"}],"about":[{"href":"https:\/\/www.b-sos.de\/www\/wp-json\/wp\/v2\/types\/page"}],"author":[{"embeddable":true,"href":"https:\/\/www.b-sos.de\/www\/wp-json\/wp\/v2\/users\/1"}],"replies":[{"embeddable":true,"href":"https:\/\/www.b-sos.de\/www\/wp-json\/wp\/v2\/comments?post=26"}],"version-history":[{"count":3,"href":"https:\/\/www.b-sos.de\/www\/wp-json\/wp\/v2\/pages\/26\/revisions"}],"predecessor-version":[{"id":115,"href":"https:\/\/www.b-sos.de\/www\/wp-json\/wp\/v2\/pages\/26\/revisions\/115"}],"wp:attachment":[{"href":"https:\/\/www.b-sos.de\/www\/wp-json\/wp\/v2\/media?parent=26"}],"curies":[{"name":"wp","href":"https:\/\/api.w.org\/{rel}","templated":true}]}}