{"id":28,"date":"2019-08-15T19:54:41","date_gmt":"2019-08-15T17:54:41","guid":{"rendered":"https:\/\/www.b-sos.de\/www\/?page_id=28"},"modified":"2019-08-23T15:14:53","modified_gmt":"2019-08-23T13:14:53","slug":"datenschutz","status":"publish","type":"page","link":"https:\/\/www.b-sos.de\/www\/datenschutz\/","title":{"rendered":"Datenschutz"},"content":{"rendered":"\n<blockquote class=\"wp-block-quote is-layout-flow wp-block-quote-is-layout-flow\"><p>Falls Sie unsere Datenschutzerkl\u00e4rung suchen, klicken Sie bitte <a href=\"https:\/\/www.b-sos.de\/www\/datenschutzerklaerung\/\">hier<\/a>. Sie finden die Seite zudem im Seitenfu\u00df verlinkt.<\/p><\/blockquote>\n\n\n\n<h2 class=\"wp-block-heading\" id=\"u89006-2\">EU-Datenschutznovelle macht Anpassungen erforderlich<\/h2>\n\n\n\n<p>Mit der Datenschutznovelle am 25.05.2018 tritt die europaweite Datenschutzgrundverordnung in Kraft. Das deutsche Bundesdatenschutzgesetz (BDSG) wurde ebenfalls umgestaltet und verweist an vielen Stellen auf die europ\u00e4ische Datenschutzgrundverordnung (EU-DSGVO).<\/p>\n\n\n\n<p>Die gute Nachricht &#8211; wer den BDSG-Normen vollst\u00e4ndig entspricht, muss nur Details anpassen.&nbsp;<br>Die schlechte Nachricht &#8211; wer die BDSG-Anforderungen bereits ignoriert hat, muss sich auf empfindliche Strafen einstellen oder schnell handeln. Es gibt keine nennenswerten \u00dcbergangsfristen. Die Datenschutzkontrollorgane werden in einigen Bundesl\u00e4ndern stark personell verst\u00e4rkt &#8211; nicht zuletzt auch geschuldet ob der hohen zu erwartenden Einnahmen. Es stehen immerhin Bu\u00dfgelder von 200.000\u20ac und bis zu 4% des Jahresumsatzes im Raum.<\/p>\n\n\n\n<p>Meist unbekannt, ist dass auch kleine Firmen (auch vor der Novelle) auskunftspflichtig gegen\u00fcber jeder nat\u00fcrlichen Person und den Kontrollorganen sind. So muss auf Nachfrage ein Verzeichnis der Verarbeitung personenbezogenen Daten geliefert werden k\u00f6nnen, sowie zu jeder einzelnen Verarbeitung eine Beschreibung.<\/p>\n\n\n\n<h2 class=\"wp-block-heading\" id=\"u91140-2\">Warum extern?<\/h2>\n\n\n\n<p>Gerade in kleinen- und mittelst\u00e4ndischen Firmen lohnt sich selten ein eigener DSB. Dieser muss regelm\u00e4\u00dfig geschult werden &#8211; meist gibt es auch nicht ausreichend freie Kapazit\u00e4ten.<\/p>\n\n\n\n<p>Der Datenschutzbeauftragte muss dazu &#8222;geeignet&#8220; sein. &#8222;Geeignet&#8220; sind dabei beispielsweise keine Mitarbeiter aus der obersten Management-Ebene, Gesch\u00e4ftsf\u00fchrer oder IT-Verantwortliche.<\/p>\n\n\n\n<p>Der Datenschutzbeauftragte genie\u00dft \u00fcbrigens eine Form des K\u00fcndigungsschutzes, die mit Betriebsr\u00e4ten vergleichbar ist.<\/p>\n\n\n\n<h2 class=\"wp-block-heading\" id=\"u91208-2\">Das bieten wir Ihnen.<\/h2>\n\n\n\n<ul class=\"wp-block-list\"><li>Von der T\u00dcV NORD Cert gepr\u00fcfte DSBs<\/li><li>Erstellen des Verzeichnis der Verarbeitungst\u00e4tigkeiten, Dokumentation der Prozesse gem\u00e4\u00df der Anforderung (VdV)<\/li><li>Erstellen eines Konzeptes zu technisch-organisatorischen Ma\u00dfnahmen (TOMs)<\/li><li>Wahrnehmung der Aufgaben des DSBs<\/li><li>Verzeichnis von Auftragsdatenverarbeitungen<\/li><li>Erstellung des j\u00e4hrlichen Datenschutzberichtes<\/li><li>Support bei Datenschutzproblemen<\/li><\/ul>\n","protected":false},"excerpt":{"rendered":"<p>Mehr erfahren.<\/p>\n","protected":false},"author":1,"featured_media":0,"parent":0,"menu_order":3,"comment_status":"closed","ping_status":"closed","template":"","meta":{"footnotes":""},"class_list":["post-28","page","type-page","status-publish","hentry"],"_links":{"self":[{"href":"https:\/\/www.b-sos.de\/www\/wp-json\/wp\/v2\/pages\/28","targetHints":{"allow":["GET"]}}],"collection":[{"href":"https:\/\/www.b-sos.de\/www\/wp-json\/wp\/v2\/pages"}],"about":[{"href":"https:\/\/www.b-sos.de\/www\/wp-json\/wp\/v2\/types\/page"}],"author":[{"embeddable":true,"href":"https:\/\/www.b-sos.de\/www\/wp-json\/wp\/v2\/users\/1"}],"replies":[{"embeddable":true,"href":"https:\/\/www.b-sos.de\/www\/wp-json\/wp\/v2\/comments?post=28"}],"version-history":[{"count":4,"href":"https:\/\/www.b-sos.de\/www\/wp-json\/wp\/v2\/pages\/28\/revisions"}],"predecessor-version":[{"id":116,"href":"https:\/\/www.b-sos.de\/www\/wp-json\/wp\/v2\/pages\/28\/revisions\/116"}],"wp:attachment":[{"href":"https:\/\/www.b-sos.de\/www\/wp-json\/wp\/v2\/media?parent=28"}],"curies":[{"name":"wp","href":"https:\/\/api.w.org\/{rel}","templated":true}]}}