{"id":3,"date":"2019-08-15T15:22:26","date_gmt":"2019-08-15T13:22:26","guid":{"rendered":"https:\/\/www.b-sos.de\/www\/?page_id=3"},"modified":"2019-10-22T16:49:00","modified_gmt":"2019-10-22T14:49:00","slug":"datenschutzerklaerung","status":"publish","type":"page","link":"https:\/\/www.b-sos.de\/www\/datenschutzerklaerung\/","title":{"rendered":"Datenschutzerkl\u00e4rung"},"content":{"rendered":"\n<p>Wir selbst verarbeiten keine personenbezogenen im Rahmen Ihres Besuches auf der Domain b-sos.de und businesssos.de &#8211; insoweit Sie uns keine z.B. \u00fcber das Kontaktformular \u00fcbermitteln.<\/p>\n\n\n\n<p>Bitte beachten Sie ggf. die Datenschutzerkl\u00e4rungen unserer Drittprojekte (z.B. widPet, timeSOS) auf den entsprechenden Seiten.<\/p>\n\n\n\n<p>Die Daten des Kontaktformulars werden nicht strukturiert im Server gespeichert, sonder direkt an uns per E-Mail \u00fcbermittelt.<\/p>\n\n\n\n<h2 class=\"wp-block-heading\" id=\"u71935-10\">Hinweise zu technisch erforderlichen Datenverarbeitungen<\/h2>\n\n\n\n<p>Im Rahmen Ihres Besuches wird f\u00fcr den Zweck der Serverkommunikation ein Session-Cookie bei in Ihrem Browser abgelegt.<\/p>\n\n\n\n<p>Zudem werden f\u00fcr die technische Analysen automatisch Serverlogs durch den Hoster erstellt. Die Serverlogs werden automatisch nach einigen Tagen gel\u00f6scht, auch das Cookie verf\u00e4llt nach einiger Zeit und wird von Ihrem Browser sodann gel\u00f6scht.<\/p>\n\n\n\n<h2 class=\"wp-block-heading\" id=\"u71935-16\">Verarbeitung von E-Mails<\/h2>\n\n\n\n<p>Wir weisen darauf hin, dass s\u00e4mtliche E-Mails an uns automatisch bei Eingang und ohne Zutun eines Mitarbeiters archiviert werden. Diese E-Mails werden durch unser System gecrawlt &#8211; inklusive aller Anlagen und f\u00fcr den jeweiligen Mitarbeiter bzw. die Abteilung zur Verf\u00fcgung gestellt. Bitte erfragen Sie vor dem Versand etwaiger personenbezogener Daten (z.B. Bewerbungen) m\u00f6glichst vorab die E-Mailadresse Ihres Ansprechpartners.<\/p>\n\n\n\n<h2 class=\"wp-block-heading\">Verarbeitung von Bewerbungen<\/h2>\n\n\n\n<p>Im Rahmen unserer Stellenausschreibungen haben Sie die\nM\u00f6glichkeit sich zu bewerben. Die Speicherung Ihrer Daten erfolgt in der europ\u00e4ischen\nUnion. Die Speicherung erfolgt w\u00e4hrend der Bewerberauswahl und nach deren\nAbschluss f\u00fcr sechs Monate. <br>\nDie Verarbeitungsgr\u00fcnde gliedern sich wie folgt:<\/p>\n\n\n\n<ul class=\"wp-block-list\"><li>DSGVO Art. 88 Abs. 1 \/ BDSG \u00a7 26 Abs. 1&amp;2\nBDSG \u201eDatenverarbeitung zum Zweck der Entscheidung \u00fcber ein\nBesch\u00e4ftigungsverh\u00e4ltnis\u201c<\/li><li>DSGVO Art. 6 Abs. 1 a) \u201eEinwilligung\u201c<\/li><li>DSGVO Art. 6 Abs. 1 b)\/ \u00a7 26 Abs. 1 \u201eVertragserf\u00fcllung\noder Durchf\u00fchrung vorvertraglicher Ma\u00dfnahmen\u201c<\/li><li>DSGVO Art. 6 Abs. 1 c) \u201eRechtliche Pflicht\u201c<\/li><li>DSGVO Art. 6 Abs. 1 f) \u201eBerechtigtes Interesse\u201c<\/li><\/ul>\n\n\n\n<p>Bei Kundenstellenausschreibungen erfolgt eine\nDaten\u00fcbermittlung erst nach Ihrer informierten Einwilligung (DSGVO Art. 6 Abs.\n1 a). <\/p>\n\n\n\n<p>Bitte achten Sie bei der Adressierung Ihrer Bewerbung auf\ndie Kontaktdaten in der Stellenanzeige, diese haben besondere Eigenschaften,\nsodass gesonderter Prozesse in Kraft treten und nur ein erforderlicher\nPersonenkreis Zugriff darauf hat.<\/p>\n\n\n\n<h2 class=\"wp-block-heading\" id=\"u71935-20\">Verwendung von Drittanbietern<\/h2>\n\n\n\n<p>Wir verwenden einige Drittanbieter f\u00fcr die Realisierung einiger Funktionen dieses Internetangebotes.<\/p>\n\n\n\n<p>Ihr Browser stellt durch die Einbettung automatisch eine Verbindung zu dem Anbieter her, sobald Sie eine der betroffenen Seiten \u00f6ffnen.<\/p>\n\n\n\n<h4 class=\"wp-block-heading\" id=\"u71935-26\">Verwendung von Google Maps<\/h4>\n\n\n\n<p>Diese Website nutzt zur visuellen Darstellung von Kartenmaterial die &#8222;Google Maps API&#8220; des Unternehmens Google Inc. (Google).<\/p>\n\n\n\n<p>Bei der Nutzung von Google Maps werden von Google auch Daten \u00fcber die Nutzung der Maps-Funktionen durch Besucher der Webseiten erhoben, verarbeitet und genutzt.<\/p>\n\n\n\n<p>Weitere Informationen zu den Datenschutzrichtlinien von Google finden Sie unter:&nbsp;<a href=\"https:\/\/www.google.com\/intl\/de\/policies\/privacy\/\">https:\/\/www.google.com\/intl\/de\/policies\/privacy\/<\/a>.<\/p>\n\n\n\n<h4 class=\"wp-block-heading\" id=\"u71935-37\">Verwendung von Google reCAPTCHA<\/h4>\n\n\n\n<p>Wir verwenden den Service reCAPTCHA des Unternehmens Google Inc. im Kontaktformular und ggf. k\u00fcnftig in weiteren Formularen.<\/p>\n\n\n\n<p>Dies dient vor allem zur Unterscheidung, ob die Eingabe durch eine nat\u00fcrliche Person erfolgt oder missbr\u00e4uchlich durch maschinelle und automatisierte Verarbeitung. Der Service inkludiert den Versand der IP-Adresse und ggf. weiterer von Google f\u00fcr den Dienst reCAPTCHA ben\u00f6tigter Daten an Google.<\/p>\n\n\n\n<p>Hierf\u00fcr gelten die abweichenden Datenschutzbestimmungen von Google Inc. Weitere Informationen zu den Datenschutzrichtlinien von Google Inc. finden Sie unter&nbsp;<a href=\"http:\/\/www.google.de\/intl\/de\/privacy\">http:\/\/www.google.de\/intl\/de\/privacy<\/a>&nbsp;oder&nbsp;<a href=\"https:\/\/www.google.com\/intl\/de\/policies\/privacy\/\">https:\/\/www.google.com\/intl\/de\/policies\/privacy\/<\/a><\/p>\n\n\n\n<h4 class=\"wp-block-heading\" id=\"u71935-50\">Verwendung von Produkten der pcvisit Software AG<\/h4>\n\n\n\n<p>Wir verwenden f\u00fcr den Zweck der Fernwartung die Software von pcvisit. Die Startseite, sowie unsere Direkt-Support-Seite nutzen und verlinken direkt Ressourcen von pcvisit.<\/p>\n\n\n\n<p>Hierf\u00fcr gelten die abweichenden Datenschutzbestimmungen der pcvisit Software AG, die Sie unter&nbsp;<a href=\"https:\/\/www.pcvisit.de\/fileadmin\/shop\/Datenschutz.pdf\">https:\/\/www.pcvisit.de\/fileadmin\/shop\/Datenschutz.pdf<\/a>&nbsp;einsehen k\u00f6nnen.<\/p>\n\n\n\n<p>Weitere Informationen finden Sie hier:&nbsp;<a href=\"https:\/\/www.pcvisit.de\/unternehmen\/impressum.html\">https:\/\/www.pcvisit.de\/unternehmen\/impressum.html<\/a>&nbsp;sowie in den&nbsp;<a href=\"https:\/\/www.pcvisit.de\/fileadmin\/material\/pdf\/Nutzungsbedingungen_pcvisit.pdf\">Nutzungsbedingungen<\/a>&nbsp;des Herstellers ab Seite 32.<\/p>\n\n\n\n<h2 class=\"wp-block-heading\" id=\"u71935-67\">Betroffenenrechte<\/h2>\n\n\n\n<p>Anl\u00e4sslich der Verarbeitung personenbezogener Daten stehen betroffenen Personen Rechte zu.<\/p>\n\n\n\n<h4 class=\"wp-block-heading\" id=\"u71935-72\">Recht auf Auskunft<\/h4>\n\n\n\n<p>Betroffene Personen haben das Recht, vom Verantwortlichen eine Best\u00e4tigung dar\u00fcber zu verlangen, ob sie betreffende personenbezogene Daten verarbeitet werden. Sofern das der Fall ist, steht betroffenen Personen das Recht zu, Auskunft \u00fcber diese Daten zu verlangen und auf folgende Informationen:<\/p>\n\n\n\n<ul class=\"wp-block-list\"><li>die Verarbeitungszwecke,<\/li><li>die Kategorien personenbezogener Daten, die verarbeitet werden,<\/li><li>die Empf\u00e4nger oder Kategorien von Empf\u00e4ngern, gegen\u00fcber denen die personenbezogenen Daten offengelegt worden sind oder noch offengelegt werden, insbesondere bei Empf\u00e4ngern in Drittl\u00e4ndern oder bei internationalen Organisationen,<\/li><li>falls m\u00f6glich die geplante Dauer, f\u00fcr die die personenbezogenen Daten gespeichert werden, oder, falls dies nicht m\u00f6glich ist, die Kriterien f\u00fcr die Festlegung dieser Dauer,<\/li><li>das Bestehen eines Rechts auf Berichtigung oder L\u00f6schung der sie betreffenden personenbezogenen Daten oder auf Einschr\u00e4nkung der Verarbeitung durch den Verantwortlichen oder eines Widerspruchsrechts gegen diese Verarbeitung,<\/li><li>das Bestehen eines Beschwerderechts bei einer Aufsichtsbeh\u00f6rde,<\/li><li>wenn die personenbezogenen Daten nicht bei der betroffenen Person erhoben werden, alle verf\u00fcgbaren Informationen \u00fcber die Herkunft der Daten,<\/li><li>das Bestehen einer automatisierten Entscheidungsfindung einschlie\u00dflich Profiling gem\u00e4\u00df Artikel 22 Abs\u00e4tze 1 und 4 DSGVO und \u2014 zumindest in diesen F\u00e4llen \u2014 aussagekr\u00e4ftige Informationen \u00fcber die involvierte Logik sowie die Tragweite und die angestrebten Auswirkungen einer derartigen Verarbeitung f\u00fcr die betroffene Person.<\/li><\/ul>\n\n\n\n<p>Werden personenbezogene Daten an ein Drittland oder an eine internationale Organisation \u00fcbermittelt, so hat die betroffene Person das Recht, \u00fcber die geeigneten Garantien gem\u00e4\u00df Artikel 46 im Zusammenhang mit der \u00dcbermittlung unterrichtet zu werden.<\/p>\n\n\n\n<h4 class=\"wp-block-heading\" id=\"u71935-95\">Recht auf Berichtigung<\/h4>\n\n\n\n<p>Betroffene Personen haben das Recht, von dem Verantwortlichen unverz\u00fcglich die Berichtigung sie betreffender unrichtiger personenbezogener Daten zu verlangen. Unter Ber\u00fccksichtigung der Zwecke der Verarbeitung haben betroffene Personen das Recht, die Vervollst\u00e4ndigung unvollst\u00e4ndiger personenbezogener Daten &#8211; auch mittels erg\u00e4nzenden Erkl\u00e4rung &#8211; zu verlangen.<\/p>\n\n\n\n<h4 class=\"wp-block-heading\" id=\"u71935-99\">Recht auf L\u00f6schung<\/h4>\n\n\n\n<p>Betroffene Personen haben das Recht, von dem Verantwortlichen zu verlangen, dass sie betreffende personenbezogene Daten unverz\u00fcglich gel\u00f6scht werden, und der Verantwortliche ist verpflichtet, personenbezogene Daten unverz\u00fcglich zu l\u00f6schen, sofern einer der folgenden Gr\u00fcnde zutrifft:<\/p>\n\n\n\n<ul class=\"wp-block-list\"><li>Die personenbezogenen Daten sind f\u00fcr die Zwecke, f\u00fcr die sie erhoben oder auf sonstige Weise verarbeitet wurden, nicht mehr notwendig.<\/li><li>Die betroffene Person widerruft ihre Einwilligung, auf die sich die Verarbeitung gem\u00e4\u00df Artikel 6 Absatz 1 Satz 1 Buchstabe a DSGVO oder Artikel 9 Absatz 2 Buchstabe a DSGVO st\u00fctzte, und es fehlt an einer anderweitigen Rechtsgrundlage f\u00fcr die Verarbeitung.<\/li><li>Die betroffene Person legt gem\u00e4\u00df Artikel 21 Absatz 1 DSGVO Widerspruch gegen die Verarbeitung ein und es liegen keine vorrangigen berechtigten Gr\u00fcnde f\u00fcr die Verarbeitung vor, oder die betroffene Person legt gem\u00e4\u00df Artikel 21 Absatz 2 DSGVO Widerspruch gegen die Verarbeitung ein.<\/li><li>Die personenbezogenen Daten wurden unrechtm\u00e4\u00dfig verarbeitet.<\/li><li>Die L\u00f6schung der personenbezogenen Daten ist zur Erf\u00fcllung einer rechtlichen Verpflichtung nach dem Unionsrecht oder dem Recht der Mitgliedstaaten erforderlich, dem der Verantwortliche unterliegt.<\/li><li>Die personenbezogenen Daten wurden in Bezug auf angebotene Dienste der Informationsgesellschaft gem\u00e4\u00df Artikel 8 Absatz 1 DSGVO erhoben.<\/li><\/ul>\n\n\n\n<p>Hat der Verantwortliche die personenbezogenen Daten \u00f6ffentlich gemacht und ist er gem\u00e4\u00df Artikel 17 Absatz 1 DSGVO zur L\u00f6schung verpflichtet, so trifft er unter Ber\u00fccksichtigung der verf\u00fcgbaren Technologie und der Implementierungskosten angemessene Ma\u00dfnahmen, auch technischer Art, um f\u00fcr die Datenverarbeitung Verantwortliche, die die personenbezogenen Daten verarbeiten, dar\u00fcber zu informieren, dass eine betroffene Person von ihnen die L\u00f6schung aller Links zu diesen personenbezogenen Daten oder von Kopien oder Replikationen dieser personenbezogenen Daten verlangt hat.<\/p>\n\n\n\n<p>Das Recht auf L\u00f6schung sowie die im vorstehenden Absatz beschriebenen Ma\u00dfgaben gelten nicht, soweit die Verarbeitung erforderlich ist<\/p>\n\n\n\n<ul class=\"wp-block-list\"><li>zur Aus\u00fcbung des Rechts auf freie Meinungs\u00e4u\u00dferung und Information,<\/li><li>zur Erf\u00fcllung einer rechtlichen Verpflichtung, die die Verarbeitung nach dem Recht der Union oder der Mitgliedstaaten, dem der Verantwortliche unterliegt, erfordert, oder zur Wahrnehmung einer Aufgabe, die im \u00f6ffentlichen Interesse liegt oder in Aus\u00fcbung \u00f6ffentlicher Gewalt erfolgt, die dem Verantwortlichen \u00fcbertragen wurde,<\/li><li>zur Geltendmachung, Aus\u00fcbung oder Verteidigung von Rechtsanspr\u00fcchen.<\/li><\/ul>\n\n\n\n<h4 class=\"wp-block-heading\" id=\"u71935-127\">Recht auf Einschr\u00e4nkung der Verarbeitung<\/h4>\n\n\n\n<p>Betroffene Personen haben das Recht, von dem Verantwortlichen die Einschr\u00e4nkung der Verarbeitung zu verlangen, wenn eine der folgenden Voraussetzungen gegeben ist:<\/p>\n\n\n\n<ul class=\"wp-block-list\"><li>die Richtigkeit der personenbezogenen Daten von der betroffenen Person bestritten wird, und zwar f\u00fcr eine Dauer, die es dem Verantwortlichen erm\u00f6glicht, die Richtigkeit der personenbezogenen Daten zu \u00fcberpr\u00fcfen,<\/li><li>die Verarbeitung unrechtm\u00e4\u00dfig ist und die betroffene Person die L\u00f6schung der personenbezogenen Daten ablehnt und stattdessen die Einschr\u00e4nkung der Nutzung der personenbezogenen Daten verlangt,<\/li><li>der Verantwortliche die personenbezogenen Daten f\u00fcr die Zwecke der Verarbeitung nicht l\u00e4nger ben\u00f6tigt, die betroffene Person sie jedoch zur Geltendmachung, Aus\u00fcbung oder Verteidigung von Rechtsanspr\u00fcchen ben\u00f6tigt, oder<\/li><li>die betroffene Person Widerspruch gegen die Verarbeitung gem\u00e4\u00df Artikel 21 Absatz 1 DSGVO eingelegt hat, solange noch nicht feststeht, ob die berechtigten Gr\u00fcnde des Verantwortlichen gegen\u00fcber denen der betroffenen Person \u00fcberwiegen.<\/li><\/ul>\n\n\n\n<p>Wurde die Verarbeitung nach vorstehend beschriebenen Ma\u00dfgaben eingeschr\u00e4nkt, so d\u00fcrfen diese personenbezogenen Daten &#8211; von ihrer Speicherung abgesehen &#8211; nur mit Einwilligung der betroffenen Person oder zur Geltendmachung, Aus\u00fcbung oder Verteidigung von Rechtsanspr\u00fcchen oder zum Schutz der Rechte einer anderen nat\u00fcrlichen oder juristischen Person oder aus Gr\u00fcnden eines wichtigen \u00f6ffentlichen Interesses der Union oder eines Mitgliedstaats verarbeitet werden.<\/p>\n\n\n\n<p>Eine betroffene Person, die eine Einschr\u00e4nkung der Verarbeitung nach den vorstehenden Ma\u00dfgaben erwirkt hat, wird von dem Verantwortlichen unterrichtet, bevor die Einschr\u00e4nkung aufgehoben wird.<\/p>\n\n\n\n<h4 class=\"wp-block-heading\" id=\"u71935-144\">Widerspruchsrecht gegen die Verarbeitung<\/h4>\n\n\n\n<p>Betroffene Personen haben das Recht, aus Gr\u00fcnden, die sich aus ihrer besonderen Situation ergeben, jederzeit gegen die Verarbeitung sie betreffender personenbezogener Daten, die aufgrund von Artikel 6 Absatz 1 Buchstaben e oder f DSGVO erfolgt, Widerspruch einzulegen; dies gilt auch f\u00fcr ein auf diese Bestimmungen gest\u00fctztes Profiling. Der Verantwortliche verarbeitet die personenbezogenen Daten nicht mehr, es sei denn, er kann zwingende schutzw\u00fcrdige Gr\u00fcnde f\u00fcr die Verarbeitung nachweisen, die die Interessen, Rechte und Freiheiten der betroffenen Person \u00fcberwiegen, oder die Verarbeitung dient der Geltendmachung, Aus\u00fcbung oder Verteidigung von Rechtsanspr\u00fcchen.<\/p>\n\n\n\n<p>Werden personenbezogene Daten verarbeitet, um Direktwerbung zu betreiben, so haben betroffene Personen das Recht, jederzeit Widerspruch gegen die Verarbeitung sie betreffender personenbezogener Daten zum Zwecke derartiger Werbung einzulegen; dies gilt auch f\u00fcr das Profiling, soweit es mit solcher Direktwerbung in Verbindung steht.<\/p>\n\n\n\n<p>Widerspricht die betroffene Person der Verarbeitung f\u00fcr Zwecke der Direktwerbung, so werden die personenbezogenen Daten nicht mehr f\u00fcr diese Zwecke verarbeitet.<\/p>\n\n\n\n<p>Im Zusammenhang mit der Nutzung von Diensten der Informationsgesellschaft kann die betroffene Person ungeachtet der Richtlinie 2002\/58\/EG ihr Widerspruchsrecht mittels automatisierter Verfahren aus\u00fcben, bei denen technische Spezifikationen verwendet werden.<\/p>\n\n\n\n<h4 class=\"wp-block-heading\" id=\"u71935-154\">Recht auf Daten\u00fcbertragbarkeit<\/h4>\n\n\n\n<p>Betroffene Personen haben das Recht, die dem Verantwortlichen bereitgestellten sie betreffenden personenbezogenen Daten in einem strukturierten, g\u00e4ngigen und maschinenlesbaren Format zu erhalten.<\/p>\n\n\n\n<p>Betroffene Personen haben ferner das Recht, diese Daten einem anderen Verantwortlichen ohne Behinderung durch den Verantwortlichen, soweit dies technisch machbar ist und Rechte und Freiheiten anderer Personen nicht beeintr\u00e4chtigt werden, auf direktem Weg zwischen dem anderen Verantwortlichen und dem Verantwortlichen zu \u00fcbermitteln, sofern<\/p>\n\n\n\n<ul class=\"wp-block-list\"><li>die Verarbeitung auf einer Einwilligung gem\u00e4\u00df Artikel 6 Absatz 1 Satz 1 Buchstabe a oder Artikel 9 Absatz 2 Buchstabe a DSGVO oder auf einem Vertrag gem\u00e4\u00df Artikel 6 Absatz 1 Buchstabe b DSGVO beruht und<\/li><li>die Verarbeitung mithilfe automatisierter Verfahren erfolgt.<\/li><\/ul>\n\n\n\n<h4 class=\"wp-block-heading\" id=\"u71935-165\">Recht auf Widerruf bei vorheriger Einwilligung<\/h4>\n\n\n\n<p>Betroffene Personen haben das Recht, ihre Einwilligung zur Verarbeitung personenbezogener Daten jederzeit zu widerrufen. Durch den Widerruf der Einwilligung wird die Rechtm\u00e4\u00dfigkeit, der aufgrund der Einwilligung bis zum Widerruf erfolgten Verarbeitung nicht ber\u00fchrt.<\/p>\n\n\n\n<h4 class=\"wp-block-heading\" id=\"u71935-169\">Automatisierte Entscheidung \/ Profiling<\/h4>\n\n\n\n<p>Betroffene Personen haben das Recht, nicht einer ausschlie\u00dflich auf einer automatisierten Verarbeitung &#8211; einschlie\u00dflich Profiling &#8211; beruhenden Entscheidung unterworfen zu werden, die ihr gegen\u00fcber rechtliche Wirkung entfaltet oder sie in \u00e4hnlicher Weise erheblich beeintr\u00e4chtigt. Das gilt nicht, wenn die Entscheidung<\/p>\n\n\n\n<ul class=\"wp-block-list\"><li>f\u00fcr den Abschluss oder die Erf\u00fcllung eines Vertrags zwischen der betroffenen Person und dem Verantwortlichen erforderlich ist,<\/li><li>aufgrund von Rechtsvorschriften der Union oder der Mitgliedstaaten, denen der Verantwortliche unterliegt, zul\u00e4ssig ist und diese Rechtsvorschriften angemessene Ma\u00dfnahmen zur Wahrung der Rechte und Freiheiten sowie der berechtigten Interessen der betroffenen Person enthalten oder<\/li><li>mit ausdr\u00fccklicher Einwilligung der betroffenen Person erfolgt.<\/li><\/ul>\n\n\n\n<p>In den F\u00e4llen, in denen die Entscheidung f\u00fcr den Abschluss oder die Erf\u00fcllung eines Vertrags zwischen der betroffenen Person und dem Verantwortlichen erforderlich ist oder diese mit ausdr\u00fccklicher Einwilligung der betroffenen Person erfolgt, trifft der Verantwortliche angemessene Ma\u00dfnahmen, um die Rechte und Freiheiten sowie die berechtigten Interessen der betroffenen Person zu wahren. Dazu geh\u00f6ren zumindest folgende Rechte:<\/p>\n\n\n\n<ul class=\"wp-block-list\"><li>das Recht auf Erwirkung des Eingreifens einer Person seitens des Verantwortlichen,<\/li><\/ul>\n\n\n\n<ul class=\"wp-block-list\"><li>das Recht auf Darlegung des eigenen Standpunkts und<\/li><li>das Recht auf Anfechtung der Entscheidung.<\/li><\/ul>\n\n\n\n<h4 class=\"wp-block-heading\" id=\"u71935-190\">Recht auf Beschwerde bei einer Aufsichtsbeh\u00f6rde<\/h4>\n\n\n\n<p>Betroffene Personen haben das Recht, sich bei einer Aufsichtsbeh\u00f6rde zu beschweren. Das Beschwerderecht gilt unabh\u00e4ngig anderweitiger Rechtsbehelfe betroffener Personen.<\/p>\n\n\n\n<h2 class=\"wp-block-heading\" id=\"u71935-194\">Datensicherheit<\/h2>\n\n\n\n<p>Wir bedienen uns geeigneter technischer und organisatorischer Sicherheitsma\u00dfnahmen, um Ihre Daten gegen zuf\u00e4llige oder vors\u00e4tzliche Manipulationen, teilweisen oder vollst\u00e4ndigen Verlust, Zerst\u00f6rung oder gegen den unbefugten Zugriff Dritter zu sch\u00fctzen. Unsere Sicherheitsma\u00dfnahmen werden entsprechend der technologischen Entwicklung fortlaufend verbessert.<\/p>\n\n\n\n<h2 class=\"wp-block-heading\" id=\"u71935-198\">Name und Kontaktdaten des f\u00fcr die Verarbeitung Verantwortlichen<\/h2>\n\n\n\n<p>Diese Datenschutz-Information gilt f\u00fcr die Datenverarbeitung durch:<\/p>\n\n\n\n<p>Heike Andresen, Gerhart-Hauptmann-Str. 3, D-18055 Rostock, E-Mail: info@b-sos.de<\/p>\n\n\n\n<h2 class=\"wp-block-heading\" id=\"u71935-204\">\u00c4nderungen dieser Datenschutzerkl\u00e4rung<\/h2>\n\n\n\n<p>Durch die Weiterentwicklung unserer Website und Angebote dar\u00fcber oder aufgrund ge\u00e4nderter gesetzlicher beziehungsweise beh\u00f6rdlicher Vorgaben kann es notwendig werden, diese Datenschutzerkl\u00e4rung zu \u00e4ndern. Die jeweils aktuelle Datenschutzerkl\u00e4rung kann jederzeit auf der Website unter&nbsp;<a href=\"https:\/\/b-sos.de\/datenschutzerkl%c3%a4rung.html\">https:\/\/www.b-sos.de\/datenschutzerkl\u00e4rung.html<\/a>&nbsp;von Ihnen abgerufen und ausgedruckt werden.<\/p>\n","protected":false},"excerpt":{"rendered":"<p>Wir selbst verarbeiten keine personenbezogenen im Rahmen Ihres Besuches auf der Domain b-sos.de und businesssos.de &#8211; insoweit Sie uns keine z.B. \u00fcber das Kontaktformular \u00fcbermitteln. Bitte beachten Sie ggf. die &#8230;<\/p>\n","protected":false},"author":1,"featured_media":0,"parent":0,"menu_order":100,"comment_status":"closed","ping_status":"closed","template":"","meta":{"footnotes":""},"class_list":["post-3","page","type-page","status-publish","hentry"],"_links":{"self":[{"href":"https:\/\/www.b-sos.de\/www\/wp-json\/wp\/v2\/pages\/3","targetHints":{"allow":["GET"]}}],"collection":[{"href":"https:\/\/www.b-sos.de\/www\/wp-json\/wp\/v2\/pages"}],"about":[{"href":"https:\/\/www.b-sos.de\/www\/wp-json\/wp\/v2\/types\/page"}],"author":[{"embeddable":true,"href":"https:\/\/www.b-sos.de\/www\/wp-json\/wp\/v2\/users\/1"}],"replies":[{"embeddable":true,"href":"https:\/\/www.b-sos.de\/www\/wp-json\/wp\/v2\/comments?post=3"}],"version-history":[{"count":3,"href":"https:\/\/www.b-sos.de\/www\/wp-json\/wp\/v2\/pages\/3\/revisions"}],"predecessor-version":[{"id":186,"href":"https:\/\/www.b-sos.de\/www\/wp-json\/wp\/v2\/pages\/3\/revisions\/186"}],"wp:attachment":[{"href":"https:\/\/www.b-sos.de\/www\/wp-json\/wp\/v2\/media?parent=3"}],"curies":[{"name":"wp","href":"https:\/\/api.w.org\/{rel}","templated":true}]}}