{"id":40,"date":"2019-08-15T20:22:31","date_gmt":"2019-08-15T18:22:31","guid":{"rendered":"https:\/\/www.b-sos.de\/www\/?page_id=40"},"modified":"2023-07-05T15:05:16","modified_gmt":"2023-07-05T13:05:16","slug":"impressum","status":"publish","type":"page","link":"https:\/\/www.b-sos.de\/www\/impressum\/","title":{"rendered":"Impressum"},"content":{"rendered":"\n<h2 class=\"wp-block-heading\" id=\"u562-2\">Kontakt<\/h2>\n\n\n\n<p>BusinessSOS &#8211; Heike Andresen<br>Gerhart-Hauptmann-Str. 3<br>D-18055 Rostock<\/p>\n\n\n\n<p>E-Mail: info@businesssos.de<br>Telefon: +49 (381) 492099-0<\/p>\n\n\n\n<p>Regul\u00e4re Erreichbarkeit: werktags, Montag-Freitag 09:00 &#8211; 17:00<br>Termine nach Vereinbarung &#8211; auch au\u00dferhalb der Zeiten m\u00f6glich<\/p>\n\n\n\n<p>Erreichbarkeit Notdienst: t\u00e4glich 07:00-22:00 (Zuschl\u00e4ge: Montag-Freitag 50%, Samstag\/Sonntag 100%, Feiertage 150%)<\/p>\n\n\n\n<h2 class=\"wp-block-heading\" id=\"u690-4\">Pflichtangaben<\/h2>\n\n\n\n<p>USt-ID-Nr.: DE234310778<\/p>\n\n\n\n<p>Verantwortlich f\u00fcr den Inhalt dieser Seiten ist: <br>Jan Bathke (BusinessSOS), Gerhart-Hauptmann-Str. 3, 18055 Rostock.<\/p>\n\n\n\n<p>Die Bilder der Seite wurden von Heike Andresen \u00fcber http:\/\/de.fotolia.com\/ bzw.  https:\/\/stock.adobe.com\/de\/ lizenziert.<\/p>\n\n\n\n<p>Plattform der EU zur au\u00dfergerichtlichen Onlinestreitbeilegung:<br><a href=\"http:\/\/ec.europa.eu\/consumers\/odr\/\">http:\/\/ec.europa.eu\/consumers\/odr\/<\/a>. <\/p>\n","protected":false},"excerpt":{"rendered":"<p>Kontakt BusinessSOS &#8211; Heike AndresenGerhart-Hauptmann-Str. 3D-18055 Rostock E-Mail: info@businesssos.deTelefon: +49 (381) 492099-0 Regul\u00e4re Erreichbarkeit: werktags, Montag-Freitag 09:00 &#8211; 17:00Termine nach Vereinbarung &#8211; auch au\u00dferhalb der Zeiten m\u00f6glich Erreichbarkeit Notdienst: t\u00e4glich &#8230;<\/p>\n","protected":false},"author":1,"featured_media":0,"parent":0,"menu_order":99,"comment_status":"closed","ping_status":"closed","template":"","meta":{"footnotes":""},"class_list":["post-40","page","type-page","status-publish","hentry"],"_links":{"self":[{"href":"https:\/\/www.b-sos.de\/www\/wp-json\/wp\/v2\/pages\/40","targetHints":{"allow":["GET"]}}],"collection":[{"href":"https:\/\/www.b-sos.de\/www\/wp-json\/wp\/v2\/pages"}],"about":[{"href":"https:\/\/www.b-sos.de\/www\/wp-json\/wp\/v2\/types\/page"}],"author":[{"embeddable":true,"href":"https:\/\/www.b-sos.de\/www\/wp-json\/wp\/v2\/users\/1"}],"replies":[{"embeddable":true,"href":"https:\/\/www.b-sos.de\/www\/wp-json\/wp\/v2\/comments?post=40"}],"version-history":[{"count":10,"href":"https:\/\/www.b-sos.de\/www\/wp-json\/wp\/v2\/pages\/40\/revisions"}],"predecessor-version":[{"id":326,"href":"https:\/\/www.b-sos.de\/www\/wp-json\/wp\/v2\/pages\/40\/revisions\/326"}],"wp:attachment":[{"href":"https:\/\/www.b-sos.de\/www\/wp-json\/wp\/v2\/media?parent=40"}],"curies":[{"name":"wp","href":"https:\/\/api.w.org\/{rel}","templated":true}]}}