{"id":96,"date":"2019-08-23T14:19:41","date_gmt":"2019-08-23T12:19:41","guid":{"rendered":"https:\/\/www.b-sos.de\/www\/?page_id=96"},"modified":"2024-01-16T15:53:58","modified_gmt":"2024-01-16T14:53:58","slug":"it-service-rostock-standardpreise","status":"publish","type":"page","link":"https:\/\/www.b-sos.de\/www\/it-service\/it-service-rostock-standardpreise\/","title":{"rendered":"IT-Service Preisliste"},"content":{"rendered":"\n<p>Stand: 16.01.2024<\/p>\n\n\n\n<p>Privatkunden haben bei uns generell die M\u00f6glichkeit eines Festpreises. Dies setzt stets ein m\u00fcndliches oder schriftliches Angebot voraus. Sprechen Sie uns dazu einfach an!<\/p>\n\n\n\n<h2 class=\"wp-block-heading\" id=\"u1417-8\">Zeitabrechnung<\/h2>\n\n\n\n<ul class=\"wp-block-list\">\n<li>Pro angefangene Viertelstunde berechnen wir\u00a0<strong>19,64 \u20ac<\/strong>*.<br><br>(F\u00fcr unsere gelisteten Gesch\u00e4ftskunden gilt vorstehendes in 6-Minutentaktung)<\/li>\n<\/ul>\n\n\n\n<h2 class=\"wp-block-heading\" id=\"u1417-19\">Festpreisbeispiele<\/h2>\n\n\n\n<ul class=\"wp-block-list\">\n<li>Fehleranalyse PC bei Hardwareausf\u00e4llen ohne Reparatur, mit Kostensch\u00e4tzung:&nbsp;<strong>16,99 \u20ac<\/strong>* <\/li>\n\n\n\n<li>Routereinrichtung, WiFi-Konfiguration sowie Heimnetzwerkintegration von bis zu neun verschiedenen Ger\u00e4ten:&nbsp;<strong>79,99 \u20ac<\/strong>* <\/li>\n\n\n\n<li>PC-Arbeiten, Festplattenaustausch, Komponenteneinbau mit Inbetriebnahme und ggf. Daten\u00fcbernahme:&nbsp;<strong>109,99 \u20ac<\/strong>*&nbsp;<br>(Voraussetzung: Abgabe und Abholung bei BusinessSOS) <\/li>\n<\/ul>\n\n\n\n<p><\/p>\n\n\n\n<h2 class=\"wp-block-heading\" id=\"u1417-39\">Anfahrtspauschalen &amp; Reisekosten<\/h2>\n\n\n\n<p>Anfahrten werden im nahen Stadtbereich Rostock mit Pauschalen abgegolten.&nbsp;<br>Pauschalen:<\/p>\n\n\n\n<ul class=\"wp-block-list\">\n<li>Rostock-Bahnhofsviertel:&nbsp;<strong>kostenfrei<\/strong><\/li>\n\n\n\n<li>Rostock-Zentrum:&nbsp;<strong>38,49 \u20ac<\/strong>*<br><em>Anfahrt Zentrum, STV, KTV, Hansaviertel, S\u00fcdstadt, Papendorf, Sildemow<\/em><\/li>\n\n\n\n<li>Rostock-Ost:&nbsp;<strong>47,29 \u20ac*<br><\/strong><em>Anfahrt Rostock Dierkow, Toitenwinkel, Gehlsdorf, Brinkmannsdorf, Kassebohm, Kessin<\/em>, \u00dcberseehafen<\/li>\n\n\n\n<li>Rostock-Nordwest:&nbsp;<strong>65,99 \u20ac<\/strong>*<br><em>Anfahrt Rostock Warnem\u00fcnde, Lichtenhagen, Gro\u00df-Klein, L\u00fctten-Klein, Schmarl, Evershagen, Reutershagen, Sievershagen, Bargeshagen, Elmenhorst<\/em><\/li>\n\n\n\n<li>Sonstige Strecken werden nach kalkulierter Zeit und 0,98 Cent pro km abgerechnet.<\/li>\n<\/ul>\n\n\n\n<p>Individuelle Preise sind auf Anfrage m\u00f6glich.<\/p>\n\n\n\n<h2 class=\"wp-block-heading\">Entsorgungspauschalen &amp; Datenvernichtung<\/h2>\n\n\n\n<p>Wir \u00fcbernehmen die fachgerechte Entsorgung &amp; Datenvernichtung der EDV-Ger\u00e4te unserer Kunden.<\/p>\n\n\n\n<ul class=\"wp-block-list\">\n<li>Datenvernichtung, Entsorgung f\u00fcr PC\/Tower\/Desktops\/AiO: <strong>65,20 \u20ac*<\/strong><\/li>\n\n\n\n<li>Datenvernichtung, Entsorgung f\u00fcr Laptops\/Tablets\/Mini-PCs: <strong>23,88 \u20ac*<\/strong><\/li>\n\n\n\n<li>Entsorgung f\u00fcr Bildschirme bis 27&#8243;: <strong>8,31 \u20ac*<\/strong><\/li>\n\n\n\n<li>Datenvernichtung pro Datentr\u00e4ger: <strong>19,64 \u20ac*<\/strong><\/li>\n<\/ul>\n\n\n\n<p>Die Entsorgungspauschalen verstehen sich als Handlingpauschale f\u00fcr bei BusinessSOS abgegeben Ger\u00e4te. Die Abholung Vor-Ort kann zus\u00e4tzliche Kosten verursachen.<\/p>\n\n\n\n<p>Bei BusinessSOS gekaufte Ger\u00e4te k\u00f6nnen kostenfrei zur Entsorgung abgegeben werden. Die Datenvernichtung kann optional als Datentr\u00e4gerpauschale gebucht werden.<\/p>\n\n\n\n<p><br>*Preisangabe inkludiert 19% USt.<\/p>\n\n\n\n<p><\/p>\n","protected":false},"excerpt":{"rendered":"<p>Stand: 16.01.2024 Privatkunden haben bei uns generell die M\u00f6glichkeit eines Festpreises. Dies setzt stets ein m\u00fcndliches oder schriftliches Angebot voraus. Sprechen Sie uns dazu einfach an! Zeitabrechnung Festpreisbeispiele Anfahrtspauschalen &amp; &#8230;<\/p>\n","protected":false},"author":1,"featured_media":0,"parent":13,"menu_order":1,"comment_status":"closed","ping_status":"closed","template":"","meta":{"footnotes":""},"class_list":["post-96","page","type-page","status-publish","hentry"],"_links":{"self":[{"href":"https:\/\/www.b-sos.de\/www\/wp-json\/wp\/v2\/pages\/96","targetHints":{"allow":["GET"]}}],"collection":[{"href":"https:\/\/www.b-sos.de\/www\/wp-json\/wp\/v2\/pages"}],"about":[{"href":"https:\/\/www.b-sos.de\/www\/wp-json\/wp\/v2\/types\/page"}],"author":[{"embeddable":true,"href":"https:\/\/www.b-sos.de\/www\/wp-json\/wp\/v2\/users\/1"}],"replies":[{"embeddable":true,"href":"https:\/\/www.b-sos.de\/www\/wp-json\/wp\/v2\/comments?post=96"}],"version-history":[{"count":13,"href":"https:\/\/www.b-sos.de\/www\/wp-json\/wp\/v2\/pages\/96\/revisions"}],"predecessor-version":[{"id":334,"href":"https:\/\/www.b-sos.de\/www\/wp-json\/wp\/v2\/pages\/96\/revisions\/334"}],"up":[{"embeddable":true,"href":"https:\/\/www.b-sos.de\/www\/wp-json\/wp\/v2\/pages\/13"}],"wp:attachment":[{"href":"https:\/\/www.b-sos.de\/www\/wp-json\/wp\/v2\/media?parent=96"}],"curies":[{"name":"wp","href":"https:\/\/api.w.org\/{rel}","templated":true}]}}