{"id":99,"date":"2019-08-23T14:22:00","date_gmt":"2019-08-23T12:22:00","guid":{"rendered":"https:\/\/www.b-sos.de\/www\/?page_id=99"},"modified":"2019-08-23T14:22:01","modified_gmt":"2019-08-23T12:22:01","slug":"anwendungsentwicklung-webdesign","status":"publish","type":"page","link":"https:\/\/www.b-sos.de\/www\/it-service\/anwendungsentwicklung-webdesign\/","title":{"rendered":"Anwendungsentwicklung, Webdesign"},"content":{"rendered":"\n<h2 class=\"wp-block-heading\" id=\"u1415-4\">Anwendungsentwicklung<\/h2>\n\n\n\n<p>Vielfach zeigt ein Soll-Konzept auf, dass ein Programm ben\u00f6tigt wird, um beispielsweise den Kundenstamm zu pflegen oder Daten zu erfassen und zu archivieren, die f\u00fcr die Abrechnung und Dokumentation ben\u00f6tigt werden.<\/p>\n\n\n\n<p>Teilweise reichen anfangs einfache L\u00f6sungen &#8211; wie etwa eine Exceltabelle und ein Accessformular. Doch diese Konstrukte sind anf\u00e4llig f\u00fcr Fehleingaben und erm\u00f6glichen nur bedingt die zentrale Speicherung und den gleichzeitigen Zugriff mehrerer Benutzer.<\/p>\n\n\n\n<p>Wir beraten Sie gern, wie ein Thema angegangen werden kann, erstellen das Pflichtenheft und je nach Projektgr\u00f6\u00dfe, Wunsch und Zeitplan setzen wir die L\u00f6sung f\u00fcr Sie um.<\/p>\n\n\n\n<p>Unsere Philosophie bei der Anwendungsentwicklung ist h\u00f6chste Pr\u00e4zision, perfekte Schnittstellen, ausgezeichnete Bedienbarkeit und pr\u00e4zise Dokumentation, bei m\u00f6glichst geringer Herstellerabh\u00e4ngigkeit. Das Ergebnis ist h\u00f6chste Zuverl\u00e4ssigkeit im produktiven Alltag und der geringst-m\u00f6gliche Wartungsaufwand (Folgekosten).<\/p>\n\n\n\n<p>Gerne bewerten wir extern beauftragte L\u00f6sungen nach unseren Ma\u00dfst\u00e4ben.<\/p>\n\n\n\n<h2 class=\"wp-block-heading\" id=\"u1415-16\">Oberfl\u00e4chendesign<\/h2>\n\n\n\n<p>Jedes Programm muss auch bedienbar sein. Doch das ist nicht alles! Wichtig ist auch, dass die Mitarbeiter nicht mit unn\u00f6tigen Dialogen und Fragen geg\u00e4ngelt werden &#8211; die letztendlich nur unn\u00f6tig Arbeitszeit kosten. Hier trennt sich die Spreu vom Weizen. Sie m\u00f6chten das Oberfl\u00e4chendesign bereits in das Pflichtenheft aufnehmen?<\/p>\n\n\n\n<p>Kein Problem, wir finden f\u00fcr Sie die optimale L\u00f6sung.<\/p>\n\n\n\n<h2 class=\"wp-block-heading\" id=\"u1415-22\">Webdesign<\/h2>\n\n\n\n<p>Webdesign hat st\u00e4ndig mit einem Problem zu k\u00e4mpfen &#8211; es muss zeitlos sein. Kleine und mittlere Unternehmungen haben vielfach keine Ressourcen um Design und Funktionalit\u00e4t auf den aktuellsten Stand zu bringen. Auf Wunsch \u00fcbernehmen wir das f\u00fcr Sie.<\/p>\n","protected":false},"excerpt":{"rendered":"<p>Anwendungsentwicklung Vielfach zeigt ein Soll-Konzept auf, dass ein Programm ben\u00f6tigt wird, um beispielsweise den Kundenstamm zu pflegen oder Daten zu erfassen und zu archivieren, die f\u00fcr die Abrechnung und Dokumentation &#8230;<\/p>\n","protected":false},"author":1,"featured_media":0,"parent":13,"menu_order":3,"comment_status":"closed","ping_status":"closed","template":"","meta":{"footnotes":""},"class_list":["post-99","page","type-page","status-publish","hentry"],"_links":{"self":[{"href":"https:\/\/www.b-sos.de\/www\/wp-json\/wp\/v2\/pages\/99","targetHints":{"allow":["GET"]}}],"collection":[{"href":"https:\/\/www.b-sos.de\/www\/wp-json\/wp\/v2\/pages"}],"about":[{"href":"https:\/\/www.b-sos.de\/www\/wp-json\/wp\/v2\/types\/page"}],"author":[{"embeddable":true,"href":"https:\/\/www.b-sos.de\/www\/wp-json\/wp\/v2\/users\/1"}],"replies":[{"embeddable":true,"href":"https:\/\/www.b-sos.de\/www\/wp-json\/wp\/v2\/comments?post=99"}],"version-history":[{"count":1,"href":"https:\/\/www.b-sos.de\/www\/wp-json\/wp\/v2\/pages\/99\/revisions"}],"predecessor-version":[{"id":100,"href":"https:\/\/www.b-sos.de\/www\/wp-json\/wp\/v2\/pages\/99\/revisions\/100"}],"up":[{"embeddable":true,"href":"https:\/\/www.b-sos.de\/www\/wp-json\/wp\/v2\/pages\/13"}],"wp:attachment":[{"href":"https:\/\/www.b-sos.de\/www\/wp-json\/wp\/v2\/media?parent=99"}],"curies":[{"name":"wp","href":"https:\/\/api.w.org\/{rel}","templated":true}]}}